{"id":49,"date":"2024-10-25T17:48:06","date_gmt":"2024-10-25T17:48:06","guid":{"rendered":"https:\/\/lutherhof-drohndorf.de\/index.php\/harvest\/"},"modified":"2025-05-24T13:07:52","modified_gmt":"2025-05-24T13:07:52","slug":"lutherhof","status":"publish","type":"page","link":"https:\/\/lutherhof-drohndorf.de\/","title":{"rendered":"Lutherhof"},"content":{"rendered":"\t\t<div data-elementor-type=\"wp-page\" data-elementor-id=\"49\" class=\"elementor elementor-49\" data-elementor-settings=\"{&quot;element_pack_global_tooltip_width&quot;:{&quot;unit&quot;:&quot;px&quot;,&quot;size&quot;:&quot;&quot;,&quot;sizes&quot;:[]},&quot;element_pack_global_tooltip_width_tablet&quot;:{&quot;unit&quot;:&quot;px&quot;,&quot;size&quot;:&quot;&quot;,&quot;sizes&quot;:[]},&quot;element_pack_global_tooltip_width_mobile&quot;:{&quot;unit&quot;:&quot;px&quot;,&quot;size&quot;:&quot;&quot;,&quot;sizes&quot;:[]},&quot;element_pack_global_tooltip_padding&quot;:{&quot;unit&quot;:&quot;px&quot;,&quot;top&quot;:&quot;&quot;,&quot;right&quot;:&quot;&quot;,&quot;bottom&quot;:&quot;&quot;,&quot;left&quot;:&quot;&quot;,&quot;isLinked&quot;:true},&quot;element_pack_global_tooltip_padding_tablet&quot;:{&quot;unit&quot;:&quot;px&quot;,&quot;top&quot;:&quot;&quot;,&quot;right&quot;:&quot;&quot;,&quot;bottom&quot;:&quot;&quot;,&quot;left&quot;:&quot;&quot;,&quot;isLinked&quot;:true},&quot;element_pack_global_tooltip_padding_mobile&quot;:{&quot;unit&quot;:&quot;px&quot;,&quot;top&quot;:&quot;&quot;,&quot;right&quot;:&quot;&quot;,&quot;bottom&quot;:&quot;&quot;,&quot;left&quot;:&quot;&quot;,&quot;isLinked&quot;:true},&quot;element_pack_global_tooltip_border_radius&quot;:{&quot;unit&quot;:&quot;px&quot;,&quot;top&quot;:&quot;&quot;,&quot;right&quot;:&quot;&quot;,&quot;bottom&quot;:&quot;&quot;,&quot;left&quot;:&quot;&quot;,&quot;isLinked&quot;:true},&quot;element_pack_global_tooltip_border_radius_tablet&quot;:{&quot;unit&quot;:&quot;px&quot;,&quot;top&quot;:&quot;&quot;,&quot;right&quot;:&quot;&quot;,&quot;bottom&quot;:&quot;&quot;,&quot;left&quot;:&quot;&quot;,&quot;isLinked&quot;:true},&quot;element_pack_global_tooltip_border_radius_mobile&quot;:{&quot;unit&quot;:&quot;px&quot;,&quot;top&quot;:&quot;&quot;,&quot;right&quot;:&quot;&quot;,&quot;bottom&quot;:&quot;&quot;,&quot;left&quot;:&quot;&quot;,&quot;isLinked&quot;:true}}\" data-elementor-post-type=\"page\">\n\t\t\t\t<div class=\"elementor-element elementor-element-11a47c7 bdt-backdrop-filter-yes e-flex e-con-boxed e-con e-parent\" data-id=\"11a47c7\" data-element_type=\"container\" data-settings=\"{&quot;background_background&quot;:&quot;classic&quot;,&quot;background_motion_fx_motion_fx_scrolling&quot;:&quot;yes&quot;,&quot;background_motion_fx_translateY_effect&quot;:&quot;yes&quot;,&quot;background_motion_fx_translateY_speed&quot;:{&quot;unit&quot;:&quot;px&quot;,&quot;size&quot;:3,&quot;sizes&quot;:[]},&quot;background_motion_fx_translateY_affectedRange&quot;:{&quot;unit&quot;:&quot;%&quot;,&quot;size&quot;:&quot;&quot;,&quot;sizes&quot;:{&quot;start&quot;:0,&quot;end&quot;:100}},&quot;background_motion_fx_devices&quot;:[&quot;desktop&quot;,&quot;tablet&quot;,&quot;mobile&quot;]}\">\n\t\t\t\t\t<div class=\"e-con-inner\">\n\t\t\t\t<div class=\"elementor-element elementor-element-2c554ec elementor-widget__width-initial elementor-invisible elementor-widget elementor-widget-heading\" data-id=\"2c554ec\" data-element_type=\"widget\" data-settings=\"{&quot;_animation&quot;:&quot;zoomOutUp&quot;,&quot;_animation_delay&quot;:250}\" data-widget_type=\"heading.default\">\n\t\t\t\t<div class=\"elementor-widget-container\">\n\t\t\t\t\t<h1 class=\"elementor-heading-title elementor-size-default\">Feines vom<br>Hof.<\/h1>\t\t\t\t<\/div>\n\t\t\t\t<\/div>\n\t\t\t\t<div class=\"elementor-element elementor-element-536b738 elementor-widget__width-initial elementor-invisible elementor-widget elementor-widget-text-editor\" data-id=\"536b738\" data-element_type=\"widget\" data-settings=\"{&quot;_animation&quot;:&quot;fadeInUp&quot;,&quot;_animation_delay&quot;:500}\" data-widget_type=\"text-editor.default\">\n\t\t\t\t<div class=\"elementor-widget-container\">\n\t\t\t\t\t\t\t\t\t<p>In unserer Hofmanufaktur zaubern wir feine K\u00f6stlichkeiten aus regionalen Kr\u00e4utern und Fr\u00fcchten, die in eigenen G\u00e4rten, Feldern und Wiesen heranreifen.<\/p>\t\t\t\t\t\t\t\t<\/div>\n\t\t\t\t<\/div>\n\t\t\t\t<div class=\"elementor-element elementor-element-eda2a21 elementor-invisible elementor-widget elementor-widget-heading\" data-id=\"eda2a21\" data-element_type=\"widget\" data-settings=\"{&quot;_animation&quot;:&quot;fadeInDown&quot;,&quot;_animation_delay&quot;:750}\" data-widget_type=\"heading.default\">\n\t\t\t\t<div class=\"elementor-widget-container\">\n\t\t\t\t\t<h2 class=\"elementor-heading-title elementor-size-default\">mehr erfahren<\/h2>\t\t\t\t<\/div>\n\t\t\t\t<\/div>\n\t\t\t\t<div class=\"elementor-element elementor-element-63bdb60 ui-float-widget elementor-view-default elementor-invisible elementor-widget elementor-widget-icon\" data-id=\"63bdb60\" data-element_type=\"widget\" data-settings=\"{&quot;_animation&quot;:&quot;fadeInUp&quot;,&quot;_animation_delay&quot;:1000}\" data-widget_type=\"icon.default\">\n\t\t\t\t<div class=\"elementor-widget-container\">\n\t\t\t\t\t\t\t<div class=\"elementor-icon-wrapper\">\n\t\t\t<a class=\"elementor-icon\" href=\"#explore\">\n\t\t\t<i aria-hidden=\"true\" class=\"ti ti-mouse\"><\/i>\t\t\t<\/a>\n\t\t<\/div>\n\t\t\t\t\t\t<\/div>\n\t\t\t\t<\/div>\n\t\t\t\t\t<\/div>\n\t\t\t\t<\/div>\n\t\t<div class=\"elementor-element elementor-element-db5f995 e-flex e-con-boxed e-con e-parent\" data-id=\"db5f995\" data-element_type=\"container\">\n\t\t\t\t\t<div class=\"e-con-inner\">\n\t\t<div class=\"elementor-element elementor-element-1ad093e e-con-full e-flex e-con e-child\" data-id=\"1ad093e\" data-element_type=\"container\">\n\t\t<div class=\"elementor-element elementor-element-33f82b0 e-con-full e-flex e-con e-child\" data-id=\"33f82b0\" data-element_type=\"container\">\n\t\t<div class=\"elementor-element elementor-element-4908360 e-con-full e-flex e-con e-child\" data-id=\"4908360\" data-element_type=\"container\">\n\t\t\t\t<div class=\"elementor-element elementor-element-2728cfd ui-e-a-animate elementor-invisible elementor-widget elementor-widget-highlighted-text\" data-id=\"2728cfd\" data-element_type=\"widget\" data-settings=\"{&quot;_animation&quot;:&quot;fadeInUp&quot;,&quot;_animation_delay&quot;:250}\" data-widget_type=\"highlighted-text.default\">\n\t\t\t\t<div class=\"elementor-widget-container\">\n\t\t\t\t\t\t\t<h2 class=\"ui-e--highlighted-text\" >\n        <span class=\"ui-e-headline-text elementor-repeater-item-d6164c0\">Wie eine <\/span><span class=\"ui-e-headline-text elementor-repeater-item-4d43b2a\">kulinarische Reise aufs Land, <\/span><span class=\"ui-e-headline-text elementor-repeater-item-1227d68\">in den sommer&shy;lichen Bauerngarten des alten Gutshofes.<\/span>        <\/h2>\n        \t\t\t\t<\/div>\n\t\t\t\t<\/div>\n\t\t\t\t<\/div>\n\t\t<div class=\"elementor-element elementor-element-99899c3 e-con-full e-flex e-con e-child\" data-id=\"99899c3\" data-element_type=\"container\">\n\t\t\t\t<div class=\"elementor-element elementor-element-7b0cda3 elementor-widget__width-initial elementor-invisible elementor-widget elementor-widget-text-editor\" data-id=\"7b0cda3\" data-element_type=\"widget\" data-settings=\"{&quot;_animation&quot;:&quot;fadeInUp&quot;,&quot;_animation_delay&quot;:750}\" data-widget_type=\"text-editor.default\">\n\t\t\t\t<div class=\"elementor-widget-container\">\n\t\t\t\t\t\t\t\t\t<p>Die Jury um Sternekoch Robin Pietsch hat das fruchtig-feine Aroma unserer Gelben Himbeere absolut \u00fcberzeugt.<\/p>\t\t\t\t\t\t\t\t<\/div>\n\t\t\t\t<\/div>\n\t\t\t\t<\/div>\n\t\t\t\t<\/div>\n\t\t\t\t<\/div>\n\t\t<div class=\"elementor-element elementor-element-12fbc85 e-con-full e-flex e-con e-child\" data-id=\"12fbc85\" data-element_type=\"container\">\n\t\t<div class=\"elementor-element elementor-element-4645403 e-con-full e-flex elementor-invisible e-con e-child\" data-id=\"4645403\" data-element_type=\"container\" data-settings=\"{&quot;background_background&quot;:&quot;classic&quot;,&quot;animation&quot;:&quot;fadeInRight&quot;,&quot;background_motion_fx_motion_fx_scrolling&quot;:&quot;yes&quot;,&quot;background_motion_fx_translateY_effect&quot;:&quot;yes&quot;,&quot;background_motion_fx_translateY_speed&quot;:{&quot;unit&quot;:&quot;px&quot;,&quot;size&quot;:3,&quot;sizes&quot;:[]},&quot;background_motion_fx_translateY_affectedRange&quot;:{&quot;unit&quot;:&quot;%&quot;,&quot;size&quot;:&quot;&quot;,&quot;sizes&quot;:{&quot;start&quot;:0,&quot;end&quot;:100}},&quot;background_motion_fx_devices&quot;:[&quot;desktop&quot;,&quot;tablet&quot;,&quot;mobile&quot;]}\">\n\t\t\t\t<\/div>\n\t\t\t\t<\/div>\n\t\t<div class=\"elementor-element elementor-element-cc77429 e-con-full e-flex e-con e-child\" data-id=\"cc77429\" data-element_type=\"container\" data-settings=\"{&quot;background_background&quot;:&quot;classic&quot;}\">\n\t\t<div class=\"elementor-element elementor-element-06b2387 e-con-full e-flex elementor-invisible e-con e-child\" data-id=\"06b2387\" data-element_type=\"container\" data-settings=\"{&quot;background_background&quot;:&quot;classic&quot;,&quot;animation&quot;:&quot;fadeInLeft&quot;,&quot;animation_delay&quot;:750}\">\n\t\t\t\t<\/div>\n\t\t<div class=\"elementor-element elementor-element-8587119 e-con-full e-flex e-con e-child\" data-id=\"8587119\" data-element_type=\"container\">\n\t\t\t\t<div class=\"elementor-element elementor-element-be16270 ui-e-animation-fade elementor-invisible elementor-widget elementor-widget-uicore-custom-slider\" data-id=\"be16270\" data-element_type=\"widget\" data-settings=\"{&quot;navigation&quot;:&quot;arrows&quot;,&quot;_animation&quot;:&quot;fadeInUp&quot;,&quot;_animation_delay&quot;:750,&quot;carousel_gap_tablet&quot;:{&quot;unit&quot;:&quot;px&quot;,&quot;size&quot;:&quot;&quot;,&quot;sizes&quot;:[]},&quot;carousel_gap_mobile&quot;:{&quot;unit&quot;:&quot;px&quot;,&quot;size&quot;:&quot;&quot;,&quot;sizes&quot;:[]},&quot;animation_style&quot;:&quot;fade&quot;,&quot;grab_cursor&quot;:&quot;yes&quot;,&quot;loop&quot;:&quot;true&quot;,&quot;overflow_container&quot;:&quot;container&quot;}\" data-widget_type=\"uicore-custom-slider.default\">\n\t\t\t\t<div class=\"elementor-widget-container\">\n\t\t\t\t\t            <div class=\"ui-e-carousel swiper\">\n\n                <div class='swiper-wrapper'>\n                                <div class=\"ui-e-wrp swiper-slide\" data-hash=\"0\">\n                <div class=\"ui-e-item elementor-element elementor-element-6ff6b73 e-con-full e-flex e-con e-child\" data-id=\"6ff6b73\" data-element_type=\"container\">\n\t\t\t\t<div class=\"elementor-element elementor-element-00cec9b elementor-widget elementor-widget-heading\" data-id=\"00cec9b\" data-element_type=\"widget\" data-widget_type=\"heading.default\">\n\t\t\t\t<div class=\"elementor-widget-container\">\n\t\t\t\t\t<h4 class=\"elementor-heading-title elementor-size-default\">Vielf\u00e4ltig und fruchtig - unsere Lik\u00f6re<\/h4>\t\t\t\t<\/div>\n\t\t\t\t<\/div>\n\t\t\t\t<div class=\"elementor-element elementor-element-cb77147 elementor-widget elementor-widget-text-editor\" data-id=\"cb77147\" data-element_type=\"widget\" data-widget_type=\"text-editor.default\">\n\t\t\t\t<div class=\"elementor-widget-container\">\n\t\t\t\t\t\t\t\t\tF\u00fcr ein intensives, nat\u00fcrliches Aroma werden die Fr\u00fcchte in reinen Alkohol eingelegt und eine gewisse Zeit ruhen gelassen. Dabei zeichnet sich unsere Manufakturherstellung dadurch aus, dass wir immer die ganze, frisch geerntete Frucht verwenden und nicht, wie in gr\u00f6\u00dferen Produktionen \u00fcblich, nur die S\u00e4fte.\t\t\t\t\t\t\t\t<\/div>\n\t\t\t\t<\/div>\n\t\t\t\t<\/div>\n\t\t            <\/div>\n                    <div class=\"ui-e-wrp swiper-slide\" data-hash=\"1\">\n                <div class=\"ui-e-item ui-e-item elementor-element elementor-element-8a76fab e-con-full e-flex e-con e-child\" data-id=\"8a76fab\" data-element_type=\"container\">\n\t\t\t\t<div class=\"elementor-element elementor-element-834fa44 elementor-widget elementor-widget-heading\" data-id=\"834fa44\" data-element_type=\"widget\" data-widget_type=\"heading.default\">\n\t\t\t\t<div class=\"elementor-widget-container\">\n\t\t\t\t\t<h4 class=\"elementor-heading-title elementor-size-default\">Crafted Gin Sonderedition \u201eNeo Rauch\u201c<\/h4>\t\t\t\t<\/div>\n\t\t\t\t<\/div>\n\t\t\t\t<div class=\"elementor-element elementor-element-dc347fc elementor-widget elementor-widget-text-editor\" data-id=\"dc347fc\" data-element_type=\"widget\" data-widget_type=\"text-editor.default\">\n\t\t\t\t<div class=\"elementor-widget-container\">\n\t\t\t\t\t\t\t\t\tDie Liebe zum Authentischen, Unverstellten, ein w\u00fcrziger Kr\u00e4uterduft und dazu die Kunstwerke von Neo Rauch &#8230; Was repr\u00e4sentiert unsere Heimatstadt Aschersleben besser als Kr\u00e4uter und Kunst? \n\t\t\t\t\t\t\t\t<\/div>\n\t\t\t\t<\/div>\n\t\t\t\t<\/div>\n\t\t            <\/div>\n        \t\t\t\t<\/div>\n\n            <\/div>\n\n            \t\t\t<div class=\"ui-e-button ui-e-carousel-button ui-e-previous\" role=\"button\" aria-label=\"Previous slide\">\n\t\t\t\t<svg aria-hidden=\"true\" class=\"e-font-icon-svg e-fas-arrow-left\" viewBox=\"0 0 448 512\" xmlns=\"http:\/\/www.w3.org\/2000\/svg\"><path d=\"M257.5 445.1l-22.2 22.2c-9.4 9.4-24.6 9.4-33.9 0L7 273c-9.4-9.4-9.4-24.6 0-33.9L201.4 44.7c9.4-9.4 24.6-9.4 33.9 0l22.2 22.2c9.5 9.5 9.3 25-.4 34.3L136.6 216H424c13.3 0 24 10.7 24 24v32c0 13.3-10.7 24-24 24H136.6l120.5 114.8c9.8 9.3 10 24.8.4 34.3z\"><\/path><\/svg>\t\t\t<\/div>\n\t\t\t<div class=\"ui-e-button ui-e-carousel-button ui-e-next\" role=\"button\" aria-label=\"Next slide\">\n\t\t\t\t<svg aria-hidden=\"true\" class=\"e-font-icon-svg e-fas-arrow-right\" viewBox=\"0 0 448 512\" xmlns=\"http:\/\/www.w3.org\/2000\/svg\"><path d=\"M190.5 66.9l22.2-22.2c9.4-9.4 24.6-9.4 33.9 0L441 239c9.4 9.4 9.4 24.6 0 33.9L246.6 467.3c-9.4 9.4-24.6 9.4-33.9 0l-22.2-22.2c-9.5-9.5-9.3-25 .4-34.3L311.4 296H24c-13.3 0-24-10.7-24-24v-32c0-13.3 10.7-24 24-24h287.4L190.9 101.2c-9.8-9.3-10-24.8-.4-34.3z\"><\/path><\/svg>\t\t\t<\/div>\n\t\t        \t\t\t\t<\/div>\n\t\t\t\t<\/div>\n\t\t\t\t<\/div>\n\t\t\t\t<\/div>\n\t\t\t\t\t<\/div>\n\t\t\t\t<\/div>\n\t\t<div class=\"elementor-element elementor-element-fd3d061 e-flex e-con-boxed e-con e-parent\" data-id=\"fd3d061\" data-element_type=\"container\">\n\t\t\t\t\t<div class=\"e-con-inner\">\n\t\t<div class=\"elementor-element elementor-element-2e59b6a e-con-full e-flex elementor-invisible e-con e-child\" data-id=\"2e59b6a\" data-element_type=\"container\" data-settings=\"{&quot;background_background&quot;:&quot;classic&quot;,&quot;animation&quot;:&quot;fadeInRight&quot;,&quot;background_motion_fx_motion_fx_scrolling&quot;:&quot;yes&quot;,&quot;background_motion_fx_translateY_effect&quot;:&quot;yes&quot;,&quot;background_motion_fx_translateY_speed&quot;:{&quot;unit&quot;:&quot;px&quot;,&quot;size&quot;:3,&quot;sizes&quot;:[]},&quot;background_motion_fx_translateY_affectedRange&quot;:{&quot;unit&quot;:&quot;%&quot;,&quot;size&quot;:&quot;&quot;,&quot;sizes&quot;:{&quot;start&quot;:0,&quot;end&quot;:100}},&quot;background_motion_fx_devices&quot;:[&quot;desktop&quot;,&quot;tablet&quot;,&quot;mobile&quot;]}\">\n\t\t\t\t<\/div>\n\t\t\t\t\t<\/div>\n\t\t\t\t<\/div>\n\t\t<div class=\"elementor-element elementor-element-29cc23f e-flex e-con-boxed elementor-invisible e-con e-parent\" data-id=\"29cc23f\" data-element_type=\"container\" data-settings=\"{&quot;animation&quot;:&quot;fadeInUp&quot;,&quot;animation_delay&quot;:500}\">\n\t\t\t\t\t<div class=\"e-con-inner\">\n\t\t<div class=\"elementor-element elementor-element-89c4bc0 e-grid e-con-full e-con e-child\" data-id=\"89c4bc0\" data-element_type=\"container\">\n\t\t\t\t<div class=\"elementor-element elementor-element-fc4b28b ui-e-align-left ui-e-align-tablet-left ui-e-align-mobile-left ui-e-top elementor-widget elementor-widget-uicore-icon-box\" data-id=\"fc4b28b\" data-element_type=\"widget\" data-settings=\"{&quot;position&quot;:&quot;top&quot;,&quot;content_padding&quot;:{&quot;unit&quot;:&quot;px&quot;,&quot;top&quot;:&quot;&quot;,&quot;right&quot;:&quot;&quot;,&quot;bottom&quot;:&quot;&quot;,&quot;left&quot;:&quot;&quot;,&quot;isLinked&quot;:true},&quot;content_padding_tablet&quot;:{&quot;unit&quot;:&quot;px&quot;,&quot;top&quot;:&quot;&quot;,&quot;right&quot;:&quot;&quot;,&quot;bottom&quot;:&quot;&quot;,&quot;left&quot;:&quot;&quot;,&quot;isLinked&quot;:true},&quot;content_padding_mobile&quot;:{&quot;unit&quot;:&quot;px&quot;,&quot;top&quot;:&quot;&quot;,&quot;right&quot;:&quot;&quot;,&quot;bottom&quot;:&quot;&quot;,&quot;left&quot;:&quot;&quot;,&quot;isLinked&quot;:true}}\" data-widget_type=\"uicore-icon-box.default\">\n\t\t\t\t<div class=\"elementor-widget-container\">\n\t\t\t\t\t\n\t\t\t<div class=\"ui-e-ico-box\" >\n\n\t\t\t\t\n\t\t\t\t<div class='ui-e-flex-wrp'>\n\n\t\t\t\t\t\t\t\t\t\t\t<div class=\"ui-e-icon-wrp\">\n\n\t\t\t\t\t\t\t<img decoding=\"async\" width=\"48\" height=\"48\" src=\"https:\/\/lutherhof-drohndorf.de\/wp-content\/uploads\/2025\/05\/harvest-icon-10.webp\" class=\"attachment-medium size-medium\" alt=\"\" \/>\n\t\t\t\t\t\t<\/div>\n\t\t\t\t\t\n\t\t\t\t\t<div class=\"ui-e-title-wrp\"><h4 class=\"ui-e-title\">Schreib uns<\/h4><\/div>\n\t\t\t\t<\/div>\n\n\t\t\t\t<div class=\"ui-e-box-content\">\n\t\t\t\t\t\n\t\t\t\t\t<div class=\"ui-e-description\">\n\t\t\t\t\t\t<p>info@lutherhof-drohndorf.de<\/p>\t\t\t\t\t<\/div>\n\n\t\t\t\t\t\n\t\t\t\t<\/div>\n\t\t\t<\/div>\n\t\t\t\t\t\t<\/div>\n\t\t\t\t<\/div>\n\t\t\t\t<div class=\"elementor-element elementor-element-15534a7 ui-e-align-left ui-e-align-tablet-left ui-e-align-mobile-left ui-e-top elementor-widget elementor-widget-uicore-icon-box\" data-id=\"15534a7\" data-element_type=\"widget\" data-settings=\"{&quot;position&quot;:&quot;top&quot;,&quot;content_padding&quot;:{&quot;unit&quot;:&quot;px&quot;,&quot;top&quot;:&quot;&quot;,&quot;right&quot;:&quot;&quot;,&quot;bottom&quot;:&quot;&quot;,&quot;left&quot;:&quot;&quot;,&quot;isLinked&quot;:true},&quot;content_padding_tablet&quot;:{&quot;unit&quot;:&quot;px&quot;,&quot;top&quot;:&quot;&quot;,&quot;right&quot;:&quot;&quot;,&quot;bottom&quot;:&quot;&quot;,&quot;left&quot;:&quot;&quot;,&quot;isLinked&quot;:true},&quot;content_padding_mobile&quot;:{&quot;unit&quot;:&quot;px&quot;,&quot;top&quot;:&quot;&quot;,&quot;right&quot;:&quot;&quot;,&quot;bottom&quot;:&quot;&quot;,&quot;left&quot;:&quot;&quot;,&quot;isLinked&quot;:true}}\" data-widget_type=\"uicore-icon-box.default\">\n\t\t\t\t<div class=\"elementor-widget-container\">\n\t\t\t\t\t\n\t\t\t<div class=\"ui-e-ico-box\" >\n\n\t\t\t\t\n\t\t\t\t<div class='ui-e-flex-wrp'>\n\n\t\t\t\t\t\t\t\t\t\t\t<div class=\"ui-e-icon-wrp\">\n\n\t\t\t\t\t\t\t<img decoding=\"async\" width=\"49\" height=\"48\" src=\"https:\/\/lutherhof-drohndorf.de\/wp-content\/uploads\/2025\/05\/harvest-icon-12.webp\" class=\"attachment-medium size-medium\" alt=\"\" \/>\n\t\t\t\t\t\t<\/div>\n\t\t\t\t\t\n\t\t\t\t\t<div class=\"ui-e-title-wrp\"><h4 class=\"ui-e-title\">Anschrift<\/h4><\/div>\n\t\t\t\t<\/div>\n\n\t\t\t\t<div class=\"ui-e-box-content\">\n\t\t\t\t\t\n\t\t\t\t\t<div class=\"ui-e-description\">\n\t\t\t\t\t\t<p>Lutherstra\u00dfe 43<br \/>06449 Aschersleben<br \/>Ortsteil Drohndorf<\/p>\t\t\t\t\t<\/div>\n\n\t\t\t\t\t\n\t\t\t\t<\/div>\n\t\t\t<\/div>\n\t\t\t\t\t\t<\/div>\n\t\t\t\t<\/div>\n\t\t\t\t<\/div>\n\t\t\t\t\t<\/div>\n\t\t\t\t<\/div>\n\t\t\t\t<\/div>\n\t\t","protected":false},"excerpt":{"rendered":"<p>Feines vomHof. In unserer Hofmanufaktur zaubern wir feine K\u00f6stlichkeiten aus regionalen Kr\u00e4utern und Fr\u00fcchten, die in eigenen G\u00e4rten, Feldern und Wiesen heranreifen. mehr erfahren Wie eine kulinarische Reise aufs Land, in den sommer&shy;lichen Bauerngarten des alten Gutshofes. Die Jury um Sternekoch Robin Pietsch hat das fruchtig-feine Aroma unserer Gelben Himbeere absolut \u00fcberzeugt. Vielf\u00e4ltig und fruchtig [&hellip;]<\/p>\n","protected":false},"author":1,"featured_media":0,"parent":0,"menu_order":0,"comment_status":"closed","ping_status":"closed","template":"","meta":{"footnotes":""},"class_list":["post-49","page","type-page","status-publish","hentry"],"_links":{"self":[{"href":"https:\/\/lutherhof-drohndorf.de\/index.php\/wp-json\/wp\/v2\/pages\/49","targetHints":{"allow":["GET"]}}],"collection":[{"href":"https:\/\/lutherhof-drohndorf.de\/index.php\/wp-json\/wp\/v2\/pages"}],"about":[{"href":"https:\/\/lutherhof-drohndorf.de\/index.php\/wp-json\/wp\/v2\/types\/page"}],"author":[{"embeddable":true,"href":"https:\/\/lutherhof-drohndorf.de\/index.php\/wp-json\/wp\/v2\/users\/1"}],"replies":[{"embeddable":true,"href":"https:\/\/lutherhof-drohndorf.de\/index.php\/wp-json\/wp\/v2\/comments?post=49"}],"version-history":[{"count":139,"href":"https:\/\/lutherhof-drohndorf.de\/index.php\/wp-json\/wp\/v2\/pages\/49\/revisions"}],"predecessor-version":[{"id":253,"href":"https:\/\/lutherhof-drohndorf.de\/index.php\/wp-json\/wp\/v2\/pages\/49\/revisions\/253"}],"wp:attachment":[{"href":"https:\/\/lutherhof-drohndorf.de\/index.php\/wp-json\/wp\/v2\/media?parent=49"}],"curies":[{"name":"wp","href":"https:\/\/api.w.org\/{rel}","templated":true}]}}